{"id":1096,"date":"2021-11-23T01:28:30","date_gmt":"2021-11-23T01:28:30","guid":{"rendered":"https:\/\/gaviaspreview.com\/wp\/orgarium\/cf-dashboard\/"},"modified":"2025-01-27T08:37:02","modified_gmt":"2025-01-27T08:37:02","slug":"galerier","status":"publish","type":"page","link":"https:\/\/www.zviratkaulabe.cz\/index.php\/galerier\/","title":{"rendered":"Galeri\u00e9r"},"content":{"rendered":"\t\t<div data-elementor-type=\"wp-page\" data-elementor-id=\"1096\" class=\"elementor elementor-1096\">\n\t\t\t\t\t\t<section class=\"elementor-section elementor-top-section elementor-element elementor-element-c074a60 elementor-section-boxed elementor-section-height-default elementor-section-height-default shape-bg-top-no\" data-id=\"c074a60\" data-element_type=\"section\" data-settings=\"{&quot;background_background&quot;:&quot;classic&quot;}\">\n\t\t\t\t\t\t<div class=\"elementor-container elementor-column-gap-default\">\n\t\t\t\t\t<div class=\"elementor-column elementor-col-100 elementor-top-column elementor-element elementor-element-5330552\" data-id=\"5330552\" data-element_type=\"column\">\n\t\t\t<div class=\"elementor-widget-wrap elementor-element-populated\">\n\t\t\t\t\t\t<div class=\"elementor-element elementor-element-e2dbfce elementor-widget elementor-widget-gva-heading-block\" data-id=\"e2dbfce\" data-element_type=\"widget\" data-widget_type=\"gva-heading-block.default\">\n\t\t\t\t<div class=\"elementor-widget-container\">\n\t\t\t\t\t<div class=\"gva-element-gva-heading-block gva-element\">   <div class=\"align-left style-1 widget gsc-heading box-align-left auto-responsive\">\r\n      <div class=\"content-inner\">\r\n         \r\n                  \r\n           \r\n         \r\n                     <h2 class=\"title\">\r\n               <span><font color = 'Black'>Galeri\u00e9r<\/font><\/span>\r\n            <\/h2>\r\n                              <div class=\"title-desc\"><font color='Black'>Galeri\u00e9r je um\u011bleck\u00fd ateli\u00e9r s v\u00fdstavn\u00ed galeri\u00ed, v\u00fdstavn\u00ed prostor o rozloze 165m\u00b2 \n<\/font><\/div>\r\n         \r\n         \r\n      <\/div>\r\n   <\/div>\r\n<\/div>\t\t\t\t<\/div>\n\t\t\t\t<\/div>\n\t\t\t\t\t<\/div>\n\t\t<\/div>\n\t\t\t\t\t<\/div>\n\t\t<\/section>\n\t\t\t\t<section class=\"elementor-section elementor-top-section elementor-element elementor-element-88af813 shape-bg-top-yes elementor-section-boxed elementor-section-height-default elementor-section-height-default shape-bg-bottom-no\" data-id=\"88af813\" data-element_type=\"section\">\n\t\t\t\t\t\t<div class=\"elementor-container elementor-column-gap-default\">\n\t\t\t\t\t<div class=\"elementor-column elementor-col-50 elementor-top-column elementor-element elementor-element-14bdb2d\" data-id=\"14bdb2d\" data-element_type=\"column\">\n\t\t\t<div class=\"elementor-widget-wrap elementor-element-populated\">\n\t\t\t\t\t\t<div class=\"elementor-element elementor-element-860cd3c elementor-widget elementor-widget-gva-gallery\" data-id=\"860cd3c\" data-element_type=\"widget\" data-widget_type=\"gva-gallery.default\">\n\t\t\t\t<div class=\"elementor-widget-container\">\n\t\t\t\t\t<div class=\"gva-element-gva-gallery gva-element\">\r\n<div class=\"gva-gallery-carousel swiper-slider-wrapper style-1 \">\r\n\t<div class=\"swiper-content-inner\">\r\n   \t<div class=\"init-carousel-swiper swiper\" data-carousel=\"{&quot;items&quot;:1,&quot;items_lg&quot;:1,&quot;items_md&quot;:1,&quot;items_sm&quot;:1,&quot;items_xs&quot;:1,&quot;items_xx&quot;:1,&quot;effect&quot;:&quot;slide&quot;,&quot;space_between&quot;:30,&quot;loop&quot;:1,&quot;speed&quot;:600,&quot;autoplay&quot;:1,&quot;autoplay_delay&quot;:4500,&quot;autoplay_hover&quot;:1,&quot;navigation&quot;:1,&quot;pagination&quot;:0,&quot;dynamic_bullets&quot;:0,&quot;pagination_type&quot;:&quot;bullets&quot;}\">\r\n      \t<div class=\"swiper-wrapper\">\r\n\t\t\t\t<div class=\"swiper-slide item\">\r\n<div class=\"gallery-item\">\r\n\r\n               <div class=\"image\">\r\n            <img decoding=\"async\" src=\"https:\/\/www.zviratkaulabe.cz\/wp-content\/uploads\/2025\/01\/Galerier-1.jpg\" alt=\"Galeri\u00e9r\" \/>  \r\n         <\/div>\r\n         <a class=\"photo-gallery\" href=\"https:\/\/www.zviratkaulabe.cz\/wp-content\/uploads\/2025\/01\/Galerier-1.jpg\" data-elementor-lightbox-slideshow=\"gallery-qta0\"><\/a>\r\n      \r\n      <div class=\"image-content\">\r\n         <div class=\"content-inner\">\r\n                           <h3 class=\"title\">Galeri\u00e9r<\/h3>\r\n                                 <\/div>   \r\n      <\/div>\r\n\r\n   <\/div>\r\n<\/div>\t\t\t<\/div>\r\n\t\t<\/div>\r\n\t<\/div>\r\n\t<div class=\"swiper-pagination\"><\/div>   <div class=\"swiper-nav-next\"><\/div><div class=\"swiper-nav-prev\"><\/div><\/div>\r\n<\/div>\t\t\t\t<\/div>\n\t\t\t\t<\/div>\n\t\t\t\t<div class=\"elementor-element elementor-element-9c4078b elementor-widget elementor-widget-gva-heading-block\" data-id=\"9c4078b\" data-element_type=\"widget\" data-widget_type=\"gva-heading-block.default\">\n\t\t\t\t<div class=\"elementor-widget-container\">\n\t\t\t\t\t<div class=\"gva-element-gva-heading-block gva-element\">   <div class=\"align-center style-1 widget gsc-heading box-align-left auto-responsive\">\r\n      <div class=\"content-inner\">\r\n         \r\n                  \r\n           \r\n         \r\n                     <h2 class=\"title\">\r\n               <span>Galeri\u00e9r vznikl z prostoru v budov\u011b b\u00fdval\u00e9 su\u0161\u00e1rny chmele.\n<\/span>\r\n            <\/h2>\r\n                  \r\n         \r\n      <\/div>\r\n   <\/div>\r\n<\/div>\t\t\t\t<\/div>\n\t\t\t\t<\/div>\n\t\t\t\t<div class=\"elementor-element elementor-element-6f413a4 elementor-widget elementor-widget-text-editor\" data-id=\"6f413a4\" data-element_type=\"widget\" data-widget_type=\"text-editor.default\">\n\t\t\t\t<div class=\"elementor-widget-container\">\n\t\t\t\t\t\t\t\t\t<p class=\"font_8 wixui-rich-text__text\"><span class=\"wixui-rich-text__text\"><span class=\"color_15 wixui-rich-text__text\">Galeri\u00e9r je um\u011bleck\u00fd ateli\u00e9r s v\u00fdstavn\u00ed galeri\u00ed a z\u00e1zem\u00edm pro um\u011blce, <\/span><\/span><span class=\"wixui-rich-text__text\"><span class=\"color_15 wixui-rich-text__text\">kter\u00e9 najdete v Ky\u0161kovic\u00edch u Roudnice nad Labem v are\u00e1lu rodinn\u00e9 farmy, v p\u0159\u00edrod\u011b u \u0159eky Labe. M\u016f\u017eete zde vyu\u017e\u00edt pln\u011b vybaven\u00fd kout pro svou tvorbu, s p\u0159esp\u00e1n\u00edm v penzionu i ob\u010derstven\u00edm.\u00a0<\/span><\/span><\/p><p class=\"font_8 wixui-rich-text__text\"><span class=\"wixui-rich-text__text\"><span class=\"color_15 wixui-rich-text__text\">P\u0159\u00e1li jsme si vytvo\u0159it m\u00edsto, kde by se zastavil \u010das, kde byste nemuseli p\u0159em\u00fd\u0161let nad t\u00edm, co se d\u011bje &#8220;tam venku&#8221; a to a\u0165 u\u017e jste um\u011blec nebo um\u011bn\u00ed milovn\u00edk. Proto jsme ve star\u00e9 su\u0161\u00e1rn\u011b chmele vytvo\u0159ili v\u00fdstavn\u00ed prostory s obch\u016fdkem farm\u00e1\u0159sk\u00fdch i um\u011bleck\u00fdch produkt\u016f s kuchy\u0148kou a soci\u00e1ln\u00edm za\u0159\u00edzen\u00edm. Prostory m\u016f\u017eete vyu\u017e\u00edt nejen pro tvorbu \u010di v\u00fdstavu, ale i jako m\u00edsto pro va\u0161e workshopy, kurzy i vernis\u00e1\u017ee.<\/span><\/span><\/p><p class=\"font_8 wixui-rich-text__text\"><span style=\"color: var(--orgarium-body-color); font-family: var(--orgarium-font-sans-serif);\">Um\u011blec je zvl\u00e1\u0161tn\u00ed stvo\u0159en\u00ed, kter\u00e9 d\u00fdch\u00e1 a \u017eije t\u00edm, co tvo\u0159\u00ed a proto\u017ee b\u00fdt um\u011blcem mnohdy pro \u017eivot nen\u00ed \u00fapln\u011b snadn\u00e9, m\u011bli bychom si pom\u00e1hat.<\/span><\/p>\t\t\t\t\t\t\t\t<\/div>\n\t\t\t\t<\/div>\n\t\t\t\t<div class=\"elementor-element elementor-element-668fbbc elementor-widget elementor-widget-image\" data-id=\"668fbbc\" data-element_type=\"widget\" data-widget_type=\"image.default\">\n\t\t\t\t<div class=\"elementor-widget-container\">\n\t\t\t\t\t\t\t\t\t\t\t\t\t\t\t<img fetchpriority=\"high\" decoding=\"async\" width=\"900\" height=\"599\" src=\"https:\/\/www.zviratkaulabe.cz\/wp-content\/uploads\/2025\/01\/galerier3-1024x682.jpg\" class=\"attachment-large size-large wp-image-1664\" alt=\"\" srcset=\"https:\/\/www.zviratkaulabe.cz\/wp-content\/uploads\/2025\/01\/galerier3-1024x682.jpg 1024w, https:\/\/www.zviratkaulabe.cz\/wp-content\/uploads\/2025\/01\/galerier3-768x512.jpg 768w, https:\/\/www.zviratkaulabe.cz\/wp-content\/uploads\/2025\/01\/galerier3.jpg 1483w\" sizes=\"(max-width: 900px) 100vw, 900px\" \/>\t\t\t\t\t\t\t\t\t\t\t\t\t\t\t<\/div>\n\t\t\t\t<\/div>\n\t\t\t\t\t<\/div>\n\t\t<\/div>\n\t\t\t\t<div class=\"elementor-column elementor-col-50 elementor-top-column elementor-element elementor-element-a7250c0\" data-id=\"a7250c0\" data-element_type=\"column\">\n\t\t\t<div class=\"elementor-widget-wrap elementor-element-populated\">\n\t\t\t\t\t\t<section class=\"elementor-section elementor-inner-section elementor-element elementor-element-e92ae93 elementor-section-boxed elementor-section-height-default elementor-section-height-default shape-bg-top-no shape-bg-bottom-no\" data-id=\"e92ae93\" data-element_type=\"section\" data-settings=\"{&quot;background_background&quot;:&quot;classic&quot;}\">\n\t\t\t\t\t\t<div class=\"elementor-container elementor-column-gap-default\">\n\t\t\t\t\t<div class=\"elementor-column elementor-col-100 elementor-inner-column elementor-element elementor-element-ce4e2be\" data-id=\"ce4e2be\" data-element_type=\"column\" data-settings=\"{&quot;background_background&quot;:&quot;classic&quot;}\">\n\t\t\t<div class=\"elementor-widget-wrap elementor-element-populated\">\n\t\t\t\t\t\t<div class=\"elementor-element elementor-element-23d7000 elementor-view-stacked elementor-shape-circle elementor-position-top elementor-mobile-position-top elementor-widget elementor-widget-icon-box\" data-id=\"23d7000\" data-element_type=\"widget\" data-widget_type=\"icon-box.default\">\n\t\t\t\t<div class=\"elementor-widget-container\">\n\t\t\t\t\t\t\t<div class=\"elementor-icon-box-wrapper\">\n\n\t\t\t\t\t\t<div class=\"elementor-icon-box-icon\">\n\t\t\t\t<span  class=\"elementor-icon\">\n\t\t\t\t<i aria-hidden=\"true\" class=\"fas fa-phone\"><\/i>\t\t\t\t<\/span>\n\t\t\t<\/div>\n\t\t\t\n\t\t\t\t\t\t<div class=\"elementor-icon-box-content\">\n\n\t\t\t\t\t\t\t\t\t<h3 class=\"elementor-icon-box-title\">\n\t\t\t\t\t\t<span  >\n\t\t\t\t\t\t\t+420 725 875 759\t\t\t\t\t\t<\/span>\n\t\t\t\t\t<\/h3>\n\t\t\t\t\n\t\t\t\t\t\t\t\t\t<p class=\"elementor-icon-box-description\">\n\t\t\t\t\t\t info@zviratkaulabe.cz\n\t\t\t\t\t<\/p>\n\t\t\t\t\n\t\t\t<\/div>\n\t\t\t\n\t\t<\/div>\n\t\t\t\t\t\t<\/div>\n\t\t\t\t<\/div>\n\t\t\t\t<div class=\"elementor-element elementor-element-bb252ca elementor-align-center elementor-widget elementor-widget-button\" data-id=\"bb252ca\" data-element_type=\"widget\" data-widget_type=\"button.default\">\n\t\t\t\t<div class=\"elementor-widget-container\">\n\t\t\t\t\t\t\t\t\t<div class=\"elementor-button-wrapper\">\n\t\t\t\t\t<a class=\"elementor-button elementor-button-link elementor-size-sm\" href=\"https:\/\/www.zviratkaulabe.cz\/index.php\/kontakty\/\">\n\t\t\t\t\t\t<span class=\"elementor-button-content-wrapper\">\n\t\t\t\t\t\t\t\t\t<span class=\"elementor-button-text\">Kontakty<\/span>\n\t\t\t\t\t<\/span>\n\t\t\t\t\t<\/a>\n\t\t\t\t<\/div>\n\t\t\t\t\t\t\t\t<\/div>\n\t\t\t\t<\/div>\n\t\t\t\t\t<\/div>\n\t\t<\/div>\n\t\t\t\t\t<\/div>\n\t\t<\/section>\n\t\t\t\t\t<\/div>\n\t\t<\/div>\n\t\t\t\t\t<\/div>\n\t\t<\/section>\n\t\t\t\t<\/div>\n\t\t","protected":false},"excerpt":{"rendered":"<p>Galeri\u00e9r Galeri\u00e9r je um\u011bleck\u00fd ateli\u00e9r s v\u00fdstavn\u00ed galeri\u00ed, v\u00fdstavn\u00ed prostor o rozloze 165m\u00b2 Galeri\u00e9r Galeri\u00e9r vznikl z prostoru v budov\u011b b\u00fdval\u00e9 su\u0161\u00e1rny chmele. Galeri\u00e9r je um\u011bleck\u00fd ateli\u00e9r s v\u00fdstavn\u00ed galeri\u00ed [&hellip;]<\/p>\n","protected":false},"author":1,"featured_media":0,"parent":0,"menu_order":0,"comment_status":"closed","ping_status":"closed","template":"","meta":{"footnotes":""},"class_list":["post-1096","page","type-page","status-publish","hentry"],"_links":{"self":[{"href":"https:\/\/www.zviratkaulabe.cz\/index.php\/wp-json\/wp\/v2\/pages\/1096","targetHints":{"allow":["GET"]}}],"collection":[{"href":"https:\/\/www.zviratkaulabe.cz\/index.php\/wp-json\/wp\/v2\/pages"}],"about":[{"href":"https:\/\/www.zviratkaulabe.cz\/index.php\/wp-json\/wp\/v2\/types\/page"}],"author":[{"embeddable":true,"href":"https:\/\/www.zviratkaulabe.cz\/index.php\/wp-json\/wp\/v2\/users\/1"}],"replies":[{"embeddable":true,"href":"https:\/\/www.zviratkaulabe.cz\/index.php\/wp-json\/wp\/v2\/comments?post=1096"}],"version-history":[{"count":7,"href":"https:\/\/www.zviratkaulabe.cz\/index.php\/wp-json\/wp\/v2\/pages\/1096\/revisions"}],"predecessor-version":[{"id":1755,"href":"https:\/\/www.zviratkaulabe.cz\/index.php\/wp-json\/wp\/v2\/pages\/1096\/revisions\/1755"}],"wp:attachment":[{"href":"https:\/\/www.zviratkaulabe.cz\/index.php\/wp-json\/wp\/v2\/media?parent=1096"}],"curies":[{"name":"wp","href":"https:\/\/api.w.org\/{rel}","templated":true}]}}